{"id":4478,"date":"2024-10-28T10:06:32","date_gmt":"2024-10-28T09:06:32","guid":{"rendered":"https:\/\/joinr.us\/?page_id=4478"},"modified":"2025-02-04T03:54:30","modified_gmt":"2025-02-04T02:54:30","slug":"blog","status":"publish","type":"page","link":"https:\/\/joinr.us\/de\/blog\/","title":{"rendered":"Blog"},"content":{"rendered":"<div data-elementor-type=\"wp-page\" data-elementor-id=\"4478\" class=\"elementor elementor-4478\" data-elementor-settings=\"{&quot;ha_cmc_init_switcher&quot;:&quot;no&quot;}\" data-elementor-post-type=\"page\">\n\t\t\t\t\t\t<section class=\"elementor-section elementor-top-section elementor-element elementor-element-25aead6 elementor-section-boxed elementor-section-height-default elementor-section-height-default\" data-id=\"25aead6\" data-element_type=\"section\" data-settings=\"{&quot;_ha_eqh_enable&quot;:false}\">\n\t\t\t\t\t\t<div class=\"elementor-container elementor-column-gap-default\">\n\t\t\t\t\t<div class=\"elementor-column elementor-col-100 elementor-top-column elementor-element elementor-element-cd943c1\" data-id=\"cd943c1\" data-element_type=\"column\" data-settings=\"{&quot;background_background&quot;:&quot;classic&quot;}\">\n\t\t\t<div class=\"elementor-widget-wrap elementor-element-populated\">\n\t\t\t\t\t<div class=\"elementor-background-overlay\"><\/div>\n\t\t\t\t\t\t<div class=\"elementor-element elementor-element-4910034 elementor-widget elementor-widget-text-editor\" data-id=\"4910034\" data-element_type=\"widget\" data-widget_type=\"text-editor.default\">\n\t\t\t\t<div class=\"elementor-widget-container\">\n\t\t\t\t\t\t\t\t\t<p>Blog<\/p>\t\t\t\t\t\t\t\t<\/div>\n\t\t\t\t<\/div>\n\t\t\t\t\t<\/div>\n\t\t<\/div>\n\t\t\t\t\t<\/div>\n\t\t<\/section>\n\t\t\t\t<section class=\"elementor-section elementor-top-section elementor-element elementor-element-5c93993 elementor-section-boxed elementor-section-height-default elementor-section-height-default\" data-id=\"5c93993\" data-element_type=\"section\" data-settings=\"{&quot;_ha_eqh_enable&quot;:false}\">\n\t\t\t\t\t\t<div class=\"elementor-container elementor-column-gap-default\">\n\t\t\t\t\t<div class=\"elementor-column elementor-col-100 elementor-top-column elementor-element elementor-element-3a2ff49\" data-id=\"3a2ff49\" data-element_type=\"column\" data-settings=\"{&quot;background_background&quot;:&quot;classic&quot;}\">\n\t\t\t<div class=\"elementor-widget-wrap elementor-element-populated\">\n\t\t\t\t\t<div class=\"elementor-background-overlay\"><\/div>\n\t\t\t\t\t\t<div class=\"elementor-element elementor-element-bf24a01 elementor-widget elementor-widget-text-editor\" data-id=\"bf24a01\" data-element_type=\"widget\" data-widget_type=\"text-editor.default\">\n\t\t\t\t<div class=\"elementor-widget-container\">\n\t\t\t\t\t\t\t\t\t<p>Lesen Sie unsere neuesten Nachrichten \u00fcber Updates, Partner und mehr!<\/p>\t\t\t\t\t\t\t\t<\/div>\n\t\t\t\t<\/div>\n\t\t\t\t\t<\/div>\n\t\t<\/div>\n\t\t\t\t\t<\/div>\n\t\t<\/section>\n\t\t\t\t<section class=\"elementor-section elementor-top-section elementor-element elementor-element-ac8eaad elementor-section-boxed elementor-section-height-default elementor-section-height-default\" data-id=\"ac8eaad\" data-element_type=\"section\" data-settings=\"{&quot;_ha_eqh_enable&quot;:false}\">\n\t\t\t\t\t\t<div class=\"elementor-container elementor-column-gap-default\">\n\t\t\t\t\t<div class=\"elementor-column elementor-col-100 elementor-top-column elementor-element elementor-element-6a05dfb\" data-id=\"6a05dfb\" data-element_type=\"column\">\n\t\t\t<div class=\"elementor-widget-wrap elementor-element-populated\">\n\t\t\t\t\t\t<div class=\"elementor-element elementor-element-2e98bb0 elementor-grid-3 elementor-grid-tablet-2 elementor-grid-mobile-1 elementor-posts--thumbnail-top elementor-card-shadow-yes elementor-posts__hover-gradient elementor-widget elementor-widget-posts\" data-id=\"2e98bb0\" data-element_type=\"widget\" data-settings=\"{&quot;cards_columns&quot;:&quot;3&quot;,&quot;cards_columns_tablet&quot;:&quot;2&quot;,&quot;cards_columns_mobile&quot;:&quot;1&quot;,&quot;cards_row_gap&quot;:{&quot;unit&quot;:&quot;px&quot;,&quot;size&quot;:35,&quot;sizes&quot;:[]},&quot;cards_row_gap_tablet&quot;:{&quot;unit&quot;:&quot;px&quot;,&quot;size&quot;:&quot;&quot;,&quot;sizes&quot;:[]},&quot;cards_row_gap_mobile&quot;:{&quot;unit&quot;:&quot;px&quot;,&quot;size&quot;:&quot;&quot;,&quot;sizes&quot;:[]}}\" data-widget_type=\"posts.cards\">\n\t\t\t\t<div class=\"elementor-widget-container\">\n\t\t\t\t\t\t\t<div class=\"elementor-posts-container elementor-posts elementor-posts--skin-cards elementor-grid\">\n\t\t\t\t<article class=\"elementor-post elementor-grid-item post-4565 post type-post status-publish format-standard has-post-thumbnail hentry category-allgemein\">\n\t\t\t<div class=\"elementor-post__card\">\n\t\t\t\t<a class=\"elementor-post__thumbnail__link\" href=\"https:\/\/joinr.us\/de\/2024\/10\/30\/what-is-a-car-rally-rally-events\/\" tabindex=\"-1\" ><div class=\"elementor-post__thumbnail\"><img fetchpriority=\"high\" decoding=\"async\" width=\"300\" height=\"175\" src=\"https:\/\/joinr.us\/wp-content\/uploads\/2024\/10\/Rectangle-21-1-300x175.webp\" class=\"attachment-medium size-medium wp-image-4334\" alt=\"\" srcset=\"https:\/\/joinr.us\/wp-content\/uploads\/2024\/10\/Rectangle-21-1-300x175.webp 300w, https:\/\/joinr.us\/wp-content\/uploads\/2024\/10\/Rectangle-21-1-1024x597.webp 1024w, https:\/\/joinr.us\/wp-content\/uploads\/2024\/10\/Rectangle-21-1-768x448.webp 768w, https:\/\/joinr.us\/wp-content\/uploads\/2024\/10\/Rectangle-21-1-18x10.webp 18w, https:\/\/joinr.us\/wp-content\/uploads\/2024\/10\/Rectangle-21-1-png.webp 1197w\" sizes=\"(max-width: 300px) 100vw, 300px\" \/><\/div><\/a>\n\t\t\t\t<div class=\"elementor-post__text\">\n\t\t\t\t<h3 class=\"elementor-post__title\">\n\t\t\t<a href=\"https:\/\/joinr.us\/de\/2024\/10\/30\/what-is-a-car-rally-rally-events\/\" >\n\t\t\t\tWas ist eine Autorallye und was sind Rallye-Veranstaltungen?\t\t\t<\/a>\n\t\t<\/h3>\n\t\t\t\t<div class=\"elementor-post__excerpt\">\n\t\t\t<p>Sie sind sich nicht ganz sicher, was bei Auto-Rallye-Veranstaltungen passiert und wollen mehr dar\u00fcber erfahren? Im heutigen Blogbeitrag dreht sich alles um die verschiedenen<\/p>\n\t\t<\/div>\n\t\t\n\t\t<a class=\"elementor-post__read-more\" href=\"https:\/\/joinr.us\/de\/2024\/10\/30\/what-is-a-car-rally-rally-events\/\" aria-label=\"Mehr \u00fcber What is a Car Rally &amp; Rally Events?\" tabindex=\"-1\" >\n\t\t\tWeiterlesen\t\t<\/a>\n\n\t\t\t\t<\/div>\n\t\t\t\t\t<\/div>\n\t\t<\/article>\n\t\t\t\t<article class=\"elementor-post elementor-grid-item post-34 post type-post status-publish format-standard has-post-thumbnail hentry category-allgemein\">\n\t\t\t<div class=\"elementor-post__card\">\n\t\t\t\t<a class=\"elementor-post__thumbnail__link\" href=\"https:\/\/joinr.us\/de\/2018\/03\/21\/joinr-ios-update-iphone-x-support\/\" tabindex=\"-1\" ><div class=\"elementor-post__thumbnail\"><img decoding=\"async\" width=\"300\" height=\"202\" src=\"https:\/\/joinr.us\/wp-content\/uploads\/2018\/03\/1_GoldrushKlein-300x202.png\" class=\"attachment-medium size-medium wp-image-46\" alt=\"\" srcset=\"https:\/\/joinr.us\/wp-content\/uploads\/2018\/03\/1_GoldrushKlein-300x202.png 300w, https:\/\/joinr.us\/wp-content\/uploads\/2018\/03\/1_GoldrushKlein.png 482w\" sizes=\"(max-width: 300px) 100vw, 300px\" \/><\/div><\/a>\n\t\t\t\t<div class=\"elementor-post__text\">\n\t\t\t\t<h3 class=\"elementor-post__title\">\n\t\t\t<a href=\"https:\/\/joinr.us\/de\/2018\/03\/21\/joinr-ios-update-iphone-x-support\/\" >\n\t\t\t\tJOINR IOS UPDATE &#8211; IPHONE X SUPPORT\t\t\t<\/a>\n\t\t<\/h3>\n\t\t\t\t<div class=\"elementor-post__excerpt\">\n\t\t\t<p>Die joinr-Entwicklung befindet sich in einem \u201eRewrite\u201c-Prozess f\u00fcr die kommende goldRush Rally. Aus diesem Grund hat die iPhone X Unterst\u00fctzung und das Update ein wenig gedauert<\/p>\n\t\t<\/div>\n\t\t\n\t\t<a class=\"elementor-post__read-more\" href=\"https:\/\/joinr.us\/de\/2018\/03\/21\/joinr-ios-update-iphone-x-support\/\" aria-label=\"Mehr \u00fcber JOINR IOS UPDATE &#8211; IPHONE X SUPPORT\" tabindex=\"-1\" >\n\t\t\tWeiterlesen\t\t<\/a>\n\n\t\t\t\t<\/div>\n\t\t\t\t\t<\/div>\n\t\t<\/article>\n\t\t\t\t<article class=\"elementor-post elementor-grid-item post-19 post type-post status-publish format-standard has-post-thumbnail hentry category-allgemein\">\n\t\t\t<div class=\"elementor-post__card\">\n\t\t\t\t<a class=\"elementor-post__thumbnail__link\" href=\"https:\/\/joinr.us\/de\/2018\/01\/23\/winteredition-2018-joinr-unterstuetzt-den-lions-run\/\" tabindex=\"-1\" ><div class=\"elementor-post__thumbnail\"><img decoding=\"async\" width=\"300\" height=\"300\" src=\"https:\/\/joinr.us\/wp-content\/uploads\/2018\/12\/Lions_Winter_Joinr_403x-300x300.png\" class=\"attachment-medium size-medium wp-image-23\" alt=\"\" srcset=\"https:\/\/joinr.us\/wp-content\/uploads\/2018\/12\/Lions_Winter_Joinr_403x-300x300.png 300w, https:\/\/joinr.us\/wp-content\/uploads\/2018\/12\/Lions_Winter_Joinr_403x-150x150.png 150w, https:\/\/joinr.us\/wp-content\/uploads\/2018\/12\/Lions_Winter_Joinr_403x.png 705w\" sizes=\"(max-width: 300px) 100vw, 300px\" \/><\/div><\/a>\n\t\t\t\t<div class=\"elementor-post__text\">\n\t\t\t\t<h3 class=\"elementor-post__title\">\n\t\t\t<a href=\"https:\/\/joinr.us\/de\/2018\/01\/23\/winteredition-2018-joinr-unterstuetzt-den-lions-run\/\" >\n\t\t\t\tWINTERAUSGABE 2018 - JOINR UNTERST\u00dcTZT DEN LION'S RUN\t\t\t<\/a>\n\t\t<\/h3>\n\t\t\t\t<div class=\"elementor-post__excerpt\">\n\t\t\t<p>Das neue Jahr beginnt mit einer neuen Partnerschaft. joinr unterst\u00fctzt zum ersten Mal die dritte Winterausgabe des Lion's Run. Der Lion's Run<\/p>\n\t\t<\/div>\n\t\t\n\t\t<a class=\"elementor-post__read-more\" href=\"https:\/\/joinr.us\/de\/2018\/01\/23\/winteredition-2018-joinr-unterstuetzt-den-lions-run\/\" aria-label=\"Mehr \u00fcber WINTER EDITION 2018 &#8211; JOINR SUPPORTS THE LION&#8217;S RUN\" tabindex=\"-1\" >\n\t\t\tWeiterlesen\t\t<\/a>\n\n\t\t\t\t<\/div>\n\t\t\t\t\t<\/div>\n\t\t<\/article>\n\t\t\t\t<article class=\"elementor-post elementor-grid-item post-37 post type-post status-publish format-standard has-post-thumbnail hentry category-allgemein\">\n\t\t\t<div class=\"elementor-post__card\">\n\t\t\t\t<a class=\"elementor-post__thumbnail__link\" href=\"https:\/\/joinr.us\/de\/2017\/05\/11\/joinr-goldrush-rally-9ine-2017\/\" tabindex=\"-1\" ><div class=\"elementor-post__thumbnail\"><img loading=\"lazy\" decoding=\"async\" width=\"300\" height=\"225\" src=\"https:\/\/joinr.us\/wp-content\/uploads\/2018\/12\/goldRush-Rally-7-251-300x225.jpg\" class=\"attachment-medium size-medium wp-image-21\" alt=\"\" srcset=\"https:\/\/joinr.us\/wp-content\/uploads\/2018\/12\/goldRush-Rally-7-251-300x225.jpg 300w, https:\/\/joinr.us\/wp-content\/uploads\/2018\/12\/goldRush-Rally-7-251-768x576.jpg 768w, https:\/\/joinr.us\/wp-content\/uploads\/2018\/12\/goldRush-Rally-7-251.jpg 800w\" sizes=\"(max-width: 300px) 100vw, 300px\" \/><\/div><\/a>\n\t\t\t\t<div class=\"elementor-post__text\">\n\t\t\t\t<h3 class=\"elementor-post__title\">\n\t\t\t<a href=\"https:\/\/joinr.us\/de\/2017\/05\/11\/joinr-goldrush-rally-9ine-2017\/\" >\n\t\t\t\tJOINR @ GOLDRUSH RALLY 9INE 2017\t\t\t<\/a>\n\t\t<\/h3>\n\t\t\t\t<div class=\"elementor-post__excerpt\">\n\t\t\t<p>joinr nimmt in diesem Jahr zum ersten Mal an der goldRush Rallye teil und erweitert das von joinr geschaffene Reiseerlebnis um spezielle Features<\/p>\n\t\t<\/div>\n\t\t\n\t\t<a class=\"elementor-post__read-more\" href=\"https:\/\/joinr.us\/de\/2017\/05\/11\/joinr-goldrush-rally-9ine-2017\/\" aria-label=\"Mehr \u00fcber JOINR @ GOLDRUSH RALLY 9INE 2017\" tabindex=\"-1\" >\n\t\t\tWeiterlesen\t\t<\/a>\n\n\t\t\t\t<\/div>\n\t\t\t\t\t<\/div>\n\t\t<\/article>\n\t\t\t\t<article class=\"elementor-post elementor-grid-item post-43 post type-post status-publish format-standard has-post-thumbnail hentry category-allgemein\">\n\t\t\t<div class=\"elementor-post__card\">\n\t\t\t\t<a class=\"elementor-post__thumbnail__link\" href=\"https:\/\/joinr.us\/de\/2016\/10\/12\/folgt-uns-auf-instagram\/\" tabindex=\"-1\" ><div class=\"elementor-post__thumbnail\"><img loading=\"lazy\" decoding=\"async\" width=\"300\" height=\"200\" src=\"https:\/\/joinr.us\/wp-content\/uploads\/2016\/10\/los-angeles-1840764_1920-300x200.jpg\" class=\"attachment-medium size-medium wp-image-45\" alt=\"\" srcset=\"https:\/\/joinr.us\/wp-content\/uploads\/2016\/10\/los-angeles-1840764_1920-300x200.jpg 300w, https:\/\/joinr.us\/wp-content\/uploads\/2016\/10\/los-angeles-1840764_1920-768x512.jpg 768w, https:\/\/joinr.us\/wp-content\/uploads\/2016\/10\/los-angeles-1840764_1920-1024x682.jpg 1024w, https:\/\/joinr.us\/wp-content\/uploads\/2016\/10\/los-angeles-1840764_1920.jpg 1920w\" sizes=\"(max-width: 300px) 100vw, 300px\" \/><\/div><\/a>\n\t\t\t\t<div class=\"elementor-post__text\">\n\t\t\t\t<h3 class=\"elementor-post__title\">\n\t\t\t<a href=\"https:\/\/joinr.us\/de\/2016\/10\/12\/folgt-uns-auf-instagram\/\" >\n\t\t\t\tFOLLOW US ON INSTAGRAM\t\t\t<\/a>\n\t\t<\/h3>\n\t\t\t\t<div class=\"elementor-post__excerpt\">\n\t\t\t<p>F\u00fcr diejenigen, die mehr von uns sehen wollen, haben wir jetzt einen Instagram-Account, auf dem wir regelm\u00e4\u00dfig Bilder posten werden.  @joinr_now joinr<\/p>\n\t\t<\/div>\n\t\t\n\t\t<a class=\"elementor-post__read-more\" href=\"https:\/\/joinr.us\/de\/2016\/10\/12\/folgt-uns-auf-instagram\/\" aria-label=\"Mehr \u00fcber FOLLOW US ON INSTAGRAM\" tabindex=\"-1\" >\n\t\t\tWeiterlesen\t\t<\/a>\n\n\t\t\t\t<\/div>\n\t\t\t\t\t<\/div>\n\t\t<\/article>\n\t\t\t\t<article class=\"elementor-post elementor-grid-item post-39 post type-post status-publish format-standard has-post-thumbnail hentry category-allgemein\">\n\t\t\t<div class=\"elementor-post__card\">\n\t\t\t\t<a class=\"elementor-post__thumbnail__link\" href=\"https:\/\/joinr.us\/de\/2016\/09\/27\/gewinnspiel-auf-facebook\/\" tabindex=\"-1\" ><div class=\"elementor-post__thumbnail\"><img loading=\"lazy\" decoding=\"async\" width=\"300\" height=\"232\" src=\"https:\/\/joinr.us\/wp-content\/uploads\/2018\/12\/joinr_gewinnspiel-300x232.jpg\" class=\"attachment-medium size-medium wp-image-22\" alt=\"\" srcset=\"https:\/\/joinr.us\/wp-content\/uploads\/2018\/12\/joinr_gewinnspiel-300x232.jpg 300w, https:\/\/joinr.us\/wp-content\/uploads\/2018\/12\/joinr_gewinnspiel.jpg 480w\" sizes=\"(max-width: 300px) 100vw, 300px\" \/><\/div><\/a>\n\t\t\t\t<div class=\"elementor-post__text\">\n\t\t\t\t<h3 class=\"elementor-post__title\">\n\t\t\t<a href=\"https:\/\/joinr.us\/de\/2016\/09\/27\/gewinnspiel-auf-facebook\/\" >\n\t\t\t\tGEWINNSPIEL AUF FACEBOOK\t\t\t<\/a>\n\t\t<\/h3>\n\t\t\t\t<div class=\"elementor-post__excerpt\">\n\t\t\t<p>Bis zum 04.10.2016 gibt es jetzt ein tolles Gewinnspiel auf Facebook f\u00fcr Sie! Gewinne 3x Forza Horizon 3 f\u00fcr Xbox One! So nehmen Sie teil:1) Werde<\/p>\n\t\t<\/div>\n\t\t\n\t\t<a class=\"elementor-post__read-more\" href=\"https:\/\/joinr.us\/de\/2016\/09\/27\/gewinnspiel-auf-facebook\/\" aria-label=\"Mehr \u00fcber COMPETITION ON FACEBOOK\" tabindex=\"-1\" >\n\t\t\tWeiterlesen\t\t<\/a>\n\n\t\t\t\t<\/div>\n\t\t\t\t\t<\/div>\n\t\t<\/article>\n\t\t\t\t<article class=\"elementor-post elementor-grid-item post-41 post type-post status-publish format-standard has-post-thumbnail hentry category-allgemein\">\n\t\t\t<div class=\"elementor-post__card\">\n\t\t\t\t<a class=\"elementor-post__thumbnail__link\" href=\"https:\/\/joinr.us\/de\/2016\/08\/08\/joinr-for-android\/\" tabindex=\"-1\" ><div class=\"elementor-post__thumbnail\"><img loading=\"lazy\" decoding=\"async\" width=\"300\" height=\"300\" src=\"https:\/\/joinr.us\/wp-content\/uploads\/2018\/12\/12809748_578579612291693_1853488450844594155_n-300x300.png\" class=\"attachment-medium size-medium wp-image-20\" alt=\"\" srcset=\"https:\/\/joinr.us\/wp-content\/uploads\/2018\/12\/12809748_578579612291693_1853488450844594155_n-300x300.png 300w, https:\/\/joinr.us\/wp-content\/uploads\/2018\/12\/12809748_578579612291693_1853488450844594155_n-150x150.png 150w, https:\/\/joinr.us\/wp-content\/uploads\/2018\/12\/12809748_578579612291693_1853488450844594155_n-768x768.png 768w, https:\/\/joinr.us\/wp-content\/uploads\/2018\/12\/12809748_578579612291693_1853488450844594155_n.png 773w\" sizes=\"(max-width: 300px) 100vw, 300px\" \/><\/div><\/a>\n\t\t\t\t<div class=\"elementor-post__text\">\n\t\t\t\t<h3 class=\"elementor-post__title\">\n\t\t\t<a href=\"https:\/\/joinr.us\/de\/2016\/08\/08\/joinr-for-android\/\" >\n\t\t\t\tJOINR FOR ANDROID!\t\t\t<\/a>\n\t\t<\/h3>\n\t\t\t\t<div class=\"elementor-post__excerpt\">\n\t\t\t<p>Yeah! Sie k\u00f6nnen joinr jetzt \u00fcber den Playstore f\u00fcr Ihr Android-Ger\u00e4t herunterladen. Klicken Sie einfach auf diesen Link, um die App herunterzuladen und mit Ihren Freunden eine<\/p>\n\t\t<\/div>\n\t\t\n\t\t<a class=\"elementor-post__read-more\" href=\"https:\/\/joinr.us\/de\/2016\/08\/08\/joinr-for-android\/\" aria-label=\"Mehr \u00fcber JOINR FOR ANDROID!\" tabindex=\"-1\" >\n\t\t\tWeiterlesen\t\t<\/a>\n\n\t\t\t\t<\/div>\n\t\t\t\t\t<\/div>\n\t\t<\/article>\n\t\t\t\t<\/div>\n\t\t\n\t\t\t\t\t\t<\/div>\n\t\t\t\t<\/div>\n\t\t\t\t\t<\/div>\n\t\t<\/div>\n\t\t\t\t\t<\/div>\n\t\t<\/section>\n\t\t\t\t<\/div>","protected":false},"excerpt":{"rendered":"<p>Blog Check out our latest news about updates, partners and more!<\/p>","protected":false},"author":195,"featured_media":0,"parent":0,"menu_order":0,"comment_status":"closed","ping_status":"closed","template":"","meta":{"om_disable_all_campaigns":false,"_monsterinsights_skip_tracking":false,"_monsterinsights_sitenote_active":false,"_monsterinsights_sitenote_note":"","_monsterinsights_sitenote_category":0,"footnotes":""},"class_list":["post-4478","page","type-page","status-publish","hentry"],"yoast_head":"<!-- This site is optimized with the Yoast SEO plugin v26.8 - https:\/\/yoast.com\/product\/yoast-seo-wordpress\/ -->\n<title>Blog | Joinr<\/title>\n<meta name=\"robots\" content=\"index, follow, max-snippet:-1, max-image-preview:large, max-video-preview:-1\" \/>\n<link rel=\"canonical\" href=\"https:\/\/joinr.us\/de\/blog\/\" \/>\n<meta property=\"og:locale\" content=\"de_DE\" \/>\n<meta property=\"og:type\" content=\"article\" \/>\n<meta property=\"og:title\" content=\"Blog | Joinr\" \/>\n<meta property=\"og:description\" content=\"Blog Check out our latest news about updates, partners and more!\" \/>\n<meta property=\"og:url\" content=\"https:\/\/joinr.us\/de\/blog\/\" \/>\n<meta property=\"og:site_name\" content=\"Joinr\" \/>\n<meta property=\"article:publisher\" content=\"https:\/\/www.facebook.com\/joinr.app.us\/\" \/>\n<meta property=\"article:modified_time\" content=\"2025-02-04T02:54:30+00:00\" \/>\n<meta property=\"og:image\" content=\"https:\/\/joinr.us\/wp-content\/uploads\/2022\/09\/Komponente-7-\u2013-1-1.png\" \/>\n\t<meta property=\"og:image:width\" content=\"714\" \/>\n\t<meta property=\"og:image:height\" content=\"583\" \/>\n\t<meta property=\"og:image:type\" content=\"image\/png\" \/>\n<meta name=\"twitter:card\" content=\"summary_large_image\" \/>\n<meta name=\"twitter:site\" content=\"@joinr_dev\" \/>\n<script type=\"application\/ld+json\" class=\"yoast-schema-graph\">{\"@context\":\"https:\/\/schema.org\",\"@graph\":[{\"@type\":\"WebPage\",\"@id\":\"https:\/\/joinr.us\/blog\/\",\"url\":\"https:\/\/joinr.us\/blog\/\",\"name\":\"Blog | Joinr\",\"isPartOf\":{\"@id\":\"https:\/\/joinr.us\/#website\"},\"datePublished\":\"2024-10-28T09:06:32+00:00\",\"dateModified\":\"2025-02-04T02:54:30+00:00\",\"breadcrumb\":{\"@id\":\"https:\/\/joinr.us\/blog\/#breadcrumb\"},\"inLanguage\":\"de\",\"potentialAction\":[{\"@type\":\"ReadAction\",\"target\":[\"https:\/\/joinr.us\/blog\/\"]}]},{\"@type\":\"BreadcrumbList\",\"@id\":\"https:\/\/joinr.us\/blog\/#breadcrumb\",\"itemListElement\":[{\"@type\":\"ListItem\",\"position\":1,\"name\":\"Home\",\"item\":\"https:\/\/joinr.us\/\"},{\"@type\":\"ListItem\",\"position\":2,\"name\":\"Blog\"}]},{\"@type\":\"WebSite\",\"@id\":\"https:\/\/joinr.us\/#website\",\"url\":\"https:\/\/joinr.us\/\",\"name\":\"Joinr\",\"description\":\"Car rally events made easy\",\"publisher\":{\"@id\":\"https:\/\/joinr.us\/#organization\"},\"alternateName\":\"joinr.us\",\"potentialAction\":[{\"@type\":\"SearchAction\",\"target\":{\"@type\":\"EntryPoint\",\"urlTemplate\":\"https:\/\/joinr.us\/?s={search_term_string}\"},\"query-input\":{\"@type\":\"PropertyValueSpecification\",\"valueRequired\":true,\"valueName\":\"search_term_string\"}}],\"inLanguage\":\"de\"},{\"@type\":\"Organization\",\"@id\":\"https:\/\/joinr.us\/#organization\",\"name\":\"Joinr\",\"url\":\"https:\/\/joinr.us\/\",\"logo\":{\"@type\":\"ImageObject\",\"inLanguage\":\"de\",\"@id\":\"https:\/\/joinr.us\/#\/schema\/logo\/image\/\",\"url\":\"https:\/\/joinr.us\/wp-content\/uploads\/2022\/08\/joinr-logo.png\",\"contentUrl\":\"https:\/\/joinr.us\/wp-content\/uploads\/2022\/08\/joinr-logo.png\",\"width\":46,\"height\":55,\"caption\":\"Joinr\"},\"image\":{\"@id\":\"https:\/\/joinr.us\/#\/schema\/logo\/image\/\"},\"sameAs\":[\"https:\/\/www.facebook.com\/joinr.app.us\/\",\"https:\/\/x.com\/joinr_dev\",\"https:\/\/www.instagram.com\/joinr.us\/\"]}]}<\/script>\n<!-- \/ Yoast SEO plugin. -->","yoast_head_json":{"title":"Blog | Joinr","robots":{"index":"index","follow":"follow","max-snippet":"max-snippet:-1","max-image-preview":"max-image-preview:large","max-video-preview":"max-video-preview:-1"},"canonical":"https:\/\/joinr.us\/de\/blog\/","og_locale":"de_DE","og_type":"article","og_title":"Blog | Joinr","og_description":"Blog Check out our latest news about updates, partners and more!","og_url":"https:\/\/joinr.us\/de\/blog\/","og_site_name":"Joinr","article_publisher":"https:\/\/www.facebook.com\/joinr.app.us\/","article_modified_time":"2025-02-04T02:54:30+00:00","og_image":[{"width":714,"height":583,"url":"https:\/\/joinr.us\/wp-content\/uploads\/2022\/09\/Komponente-7-\u2013-1-1.png","type":"image\/png"}],"twitter_card":"summary_large_image","twitter_site":"@joinr_dev","schema":{"@context":"https:\/\/schema.org","@graph":[{"@type":"WebPage","@id":"https:\/\/joinr.us\/blog\/","url":"https:\/\/joinr.us\/blog\/","name":"Blog | Joinr","isPartOf":{"@id":"https:\/\/joinr.us\/#website"},"datePublished":"2024-10-28T09:06:32+00:00","dateModified":"2025-02-04T02:54:30+00:00","breadcrumb":{"@id":"https:\/\/joinr.us\/blog\/#breadcrumb"},"inLanguage":"de","potentialAction":[{"@type":"ReadAction","target":["https:\/\/joinr.us\/blog\/"]}]},{"@type":"BreadcrumbList","@id":"https:\/\/joinr.us\/blog\/#breadcrumb","itemListElement":[{"@type":"ListItem","position":1,"name":"Home","item":"https:\/\/joinr.us\/"},{"@type":"ListItem","position":2,"name":"Blog"}]},{"@type":"WebSite","@id":"https:\/\/joinr.us\/#website","url":"https:\/\/joinr.us\/","name":"Joinr","description":"Deine App f\u00fcr Rallye Events","publisher":{"@id":"https:\/\/joinr.us\/#organization"},"alternateName":"joinr.us","potentialAction":[{"@type":"SearchAction","target":{"@type":"EntryPoint","urlTemplate":"https:\/\/joinr.us\/?s={search_term_string}"},"query-input":{"@type":"PropertyValueSpecification","valueRequired":true,"valueName":"search_term_string"}}],"inLanguage":"de"},{"@type":"Organization","@id":"https:\/\/joinr.us\/#organization","name":"Joinr","url":"https:\/\/joinr.us\/","logo":{"@type":"ImageObject","inLanguage":"de","@id":"https:\/\/joinr.us\/#\/schema\/logo\/image\/","url":"https:\/\/joinr.us\/wp-content\/uploads\/2022\/08\/joinr-logo.png","contentUrl":"https:\/\/joinr.us\/wp-content\/uploads\/2022\/08\/joinr-logo.png","width":46,"height":55,"caption":"Joinr"},"image":{"@id":"https:\/\/joinr.us\/#\/schema\/logo\/image\/"},"sameAs":["https:\/\/www.facebook.com\/joinr.app.us\/","https:\/\/x.com\/joinr_dev","https:\/\/www.instagram.com\/joinr.us\/"]}]}},"_links":{"self":[{"href":"https:\/\/joinr.us\/de\/wp-json\/wp\/v2\/pages\/4478","targetHints":{"allow":["GET"]}}],"collection":[{"href":"https:\/\/joinr.us\/de\/wp-json\/wp\/v2\/pages"}],"about":[{"href":"https:\/\/joinr.us\/de\/wp-json\/wp\/v2\/types\/page"}],"author":[{"embeddable":true,"href":"https:\/\/joinr.us\/de\/wp-json\/wp\/v2\/users\/195"}],"replies":[{"embeddable":true,"href":"https:\/\/joinr.us\/de\/wp-json\/wp\/v2\/comments?post=4478"}],"version-history":[{"count":37,"href":"https:\/\/joinr.us\/de\/wp-json\/wp\/v2\/pages\/4478\/revisions"}],"predecessor-version":[{"id":5467,"href":"https:\/\/joinr.us\/de\/wp-json\/wp\/v2\/pages\/4478\/revisions\/5467"}],"wp:attachment":[{"href":"https:\/\/joinr.us\/de\/wp-json\/wp\/v2\/media?parent=4478"}],"curies":[{"name":"wp","href":"https:\/\/api.w.org\/{rel}","templated":true}]}}